{"id":775,"date":"2025-03-12T03:07:44","date_gmt":"2025-03-12T03:07:44","guid":{"rendered":"https:\/\/prac.karmabox.info\/onlyfitness\/?page_id=775"},"modified":"2025-03-14T02:48:59","modified_gmt":"2025-03-14T02:48:59","slug":"declaracion-de-accesibilidad","status":"publish","type":"page","link":"https:\/\/prac.karmabox.info\/onlyfitness\/declaracion-de-accesibilidad\/","title":{"rendered":"Declaraci\u00f3n de Accesibilidad"},"content":{"rendered":"\t\t<div data-elementor-type=\"wp-page\" data-elementor-id=\"775\" class=\"elementor elementor-775\" data-elementor-post-type=\"page\">\n\t\t\t\t\t\t<section class=\"elementor-section elementor-top-section elementor-element elementor-element-5bf7f9a elementor-section-boxed elementor-section-height-default elementor-section-height-default wpr-particle-no wpr-jarallax-no wpr-parallax-no wpr-sticky-section-no elementor-invisible\" data-id=\"5bf7f9a\" data-element_type=\"section\" data-settings=\"{&quot;background_background&quot;:&quot;classic&quot;,&quot;background_motion_fx_motion_fx_scrolling&quot;:&quot;yes&quot;,&quot;background_motion_fx_translateY_effect&quot;:&quot;yes&quot;,&quot;background_motion_fx_devices&quot;:[&quot;desktop&quot;],&quot;animation&quot;:&quot;fadeIn&quot;,&quot;background_motion_fx_translateY_affectedRange&quot;:{&quot;unit&quot;:&quot;%&quot;,&quot;size&quot;:&quot;&quot;,&quot;sizes&quot;:{&quot;start&quot;:54,&quot;end&quot;:100}},&quot;background_motion_fx_translateY_speed&quot;:{&quot;unit&quot;:&quot;px&quot;,&quot;size&quot;:4,&quot;sizes&quot;:[]}}\">\n\t\t\t\t\t\t\t<div class=\"elementor-background-overlay\"><\/div>\n\t\t\t\t\t\t\t<div class=\"elementor-container elementor-column-gap-default\">\n\t\t\t\t\t<div class=\"elementor-column elementor-col-100 elementor-top-column elementor-element elementor-element-f0ad614\" data-id=\"f0ad614\" data-element_type=\"column\">\n\t\t\t<div class=\"elementor-widget-wrap elementor-element-populated\">\n\t\t\t\t\t\t<section class=\"elementor-section elementor-inner-section elementor-element elementor-element-e83e0c8 elementor-reverse-mobile elementor-section-boxed elementor-section-height-default elementor-section-height-default wpr-particle-no wpr-jarallax-no wpr-parallax-no wpr-sticky-section-no\" data-id=\"e83e0c8\" data-element_type=\"section\">\n\t\t\t\t\t\t<div class=\"elementor-container elementor-column-gap-default\">\n\t\t\t\t\t<div class=\"elementor-column elementor-col-100 elementor-inner-column elementor-element elementor-element-f8893dc\" data-id=\"f8893dc\" data-element_type=\"column\">\n\t\t\t<div class=\"elementor-widget-wrap elementor-element-populated\">\n\t\t\t\t\t\t\t<\/div>\n\t\t<\/div>\n\t\t\t\t\t<\/div>\n\t\t<\/section>\n\t\t\t\t\t<\/div>\n\t\t<\/div>\n\t\t\t\t\t<\/div>\n\t\t<\/section>\n\t\t<div class=\"elementor-element elementor-element-15071a8 e-con-full e-flex wpr-particle-no wpr-jarallax-no wpr-parallax-no wpr-sticky-section-no e-con e-parent\" data-id=\"15071a8\" data-element_type=\"container\">\n\t\t\t\t<div class=\"elementor-element elementor-element-9c9f868 elementor-widget elementor-widget-text-editor\" data-id=\"9c9f868\" data-element_type=\"widget\" data-widget_type=\"text-editor.default\">\n\t\t\t\t<div class=\"elementor-widget-container\">\n\t\t\t\t\t\t\t\t\t<p style=\"text-align: left;\"><span style=\"color: #000000;\">ONLY FITNNES se ha comprometido a hacer accesibles sus sitios web de conformidad con la norma UNE-EN 301 549:2022 (versi\u00f3n oficial en espa\u00f1ol de la Norma Europea EN 301 549 v.3.2.1 (2021-03).<\/span><\/p><h4 class=\"wp-block-heading\" style=\"text-align: left;\"><span style=\"color: #000000;\">Preparaci\u00f3n de la presente declaraci\u00f3n de accesibilidad<\/span><\/h4><p style=\"text-align: left;\"><span style=\"color: #000000;\">La presente declaraci\u00f3n fue preparada el 13 de marzo de 2025.<\/span><\/p><p style=\"text-align: left;\"><span style=\"color: #000000;\">El m\u00e9todo empleado para preparar la declaraci\u00f3n ha sido una autoevaluaci\u00f3n llevada a cabo por ONLY FITNNES.<\/span><\/p><p style=\"text-align: left;\"><span style=\"color: #000000;\">\u00daltima revisi\u00f3n de la declaraci\u00f3n: 14\u00a0 de marzo de 2025.<\/span><\/p><h4 class=\"wp-block-heading\" style=\"text-align: left;\"><span style=\"color: #000000;\">Observaciones y datos de contacto<\/span><\/h4><p style=\"text-align: left;\"><span style=\"color: #000000;\">Puede realizar comunicaciones sobre requisitos de accesibilidad como, por ejemplo:<\/span><\/p><ul style=\"text-align: left;\"><li><span style=\"color: #000000;\">informar sobre cualquier posible incumplimiento por parte de este sitio web<\/span><\/li><li><span style=\"color: #000000;\">transmitir otras dificultades de acceso al contenido<\/span><\/li><li><span style=\"color: #000000;\">formular cualquier otra consulta o sugerencia de mejora relativa a la accesibilidad del sitio web a\u00a0trav\u00e9s de las siguientes v\u00edas:<\/span><\/li><\/ul><ul style=\"text-align: left;\"><li><span style=\"color: #000000;\">Correo electr\u00f3nico: info@onlyfitness.com<\/span><\/li><li><span style=\"color: #000000;\">Tel\u00e9fonos: +34 662 55 91 78<\/span><\/li><\/ul><p style=\"text-align: left;\"><span style=\"color: #000000;\">Tambi\u00e9n puede solicitar en formato accesible informaci\u00f3n que no cumpla con los requisitos de accesibilidad por estar excluida o formular una queja por incumplimiento de los requisitos de accesibilidad.<\/span><\/p><h4 class=\"wp-block-heading\" style=\"text-align: left;\"><span style=\"color: #000000;\">Procedimiento de aplicaci\u00f3n<\/span><\/h4><p style=\"text-align: left;\"><span style=\"color: #000000;\">Este sitio web:<\/span><\/p><ul><li style=\"text-align: left;\"><span style=\"color: #000000;\">se ha dise\u00f1ado adapt\u00e1ndose a los est\u00e1ndares y normativas vigentes en relaci\u00f3n a la accesibilidad, cumpliendo con los puntos de verificaci\u00f3n de prioridad 2 (AA) definidos en la especificaci\u00f3n de Pautas de Accesibilidad al Contenido en la Web (WCAG 2.1)<\/span><\/li><li style=\"text-align: left;\"><span style=\"color: #000000;\">est\u00e1 optimizado para las \u00faltimas versiones vigentes de Chrome, Edge, Firefox, Safari y Opera<\/span><\/li><li style=\"text-align: left;\"><span style=\"color: #000000;\">est\u00e1 dise\u00f1ado para su correcta visualizaci\u00f3n en cualquier resoluci\u00f3n y dispositivo de escritorio, tabletas o m\u00f3viles (dise\u00f1o responsive)<\/span><\/li><li style=\"text-align: left;\"><span style=\"color: #000000;\">se ha realizado utilizando HTML5 como lenguaje de marcado y hojas de estilo CSS3 para su dise\u00f1o<\/span><\/li><\/ul>\t\t\t\t\t\t\t\t<\/div>\n\t\t\t\t<\/div>\n\t\t\t\t<\/div>\n\t\t\t\t<\/div>\n\t\t","protected":false},"excerpt":{"rendered":"<p>ONLY FITNNES se ha comprometido a hacer accesibles sus sitios web de conformidad con la norma UNE-EN 301 549:2022 (versi\u00f3n oficial en espa\u00f1ol de la Norma Europea EN 301 549 v.3.2.1 (2021-03). Preparaci\u00f3n de la presente declaraci\u00f3n de accesibilidad La presente declaraci\u00f3n fue preparada el 13 de marzo de 2025. El m\u00e9todo empleado para preparar la declaraci\u00f3n ha sido una autoevaluaci\u00f3n llevada a cabo por ONLY FITNNES. \u00daltima revisi\u00f3n de la declaraci\u00f3n: 14\u00a0 de marzo de 2025. Observaciones y datos de contacto Puede realizar comunicaciones sobre requisitos de accesibilidad como, por ejemplo: informar sobre cualquier posible incumplimiento por parte de este sitio web transmitir otras dificultades de acceso al contenido formular cualquier otra consulta o sugerencia de mejora relativa a la accesibilidad del sitio web a\u00a0trav\u00e9s de las siguientes v\u00edas: Correo electr\u00f3nico: info@onlyfitness.com Tel\u00e9fonos: +34 662 55 91 78 Tambi\u00e9n puede solicitar en formato accesible informaci\u00f3n que no cumpla con los requisitos de accesibilidad por estar excluida o formular una queja por incumplimiento de los requisitos de accesibilidad. Procedimiento de aplicaci\u00f3n Este sitio web: se ha dise\u00f1ado adapt\u00e1ndose a los est\u00e1ndares y normativas vigentes en relaci\u00f3n a la accesibilidad, cumpliendo con los puntos de verificaci\u00f3n de prioridad 2 (AA) definidos en la especificaci\u00f3n de Pautas de Accesibilidad al Contenido en la Web (WCAG 2.1) est\u00e1 optimizado para las \u00faltimas versiones vigentes de Chrome, Edge, Firefox, Safari y Opera est\u00e1 dise\u00f1ado para su correcta visualizaci\u00f3n en cualquier resoluci\u00f3n y dispositivo de escritorio, tabletas o m\u00f3viles (dise\u00f1o responsive) se ha realizado utilizando HTML5 como lenguaje de marcado y hojas de estilo CSS3 para su dise\u00f1o<\/p>\n","protected":false},"author":2,"featured_media":0,"parent":0,"menu_order":0,"comment_status":"closed","ping_status":"closed","template":"elementor_header_footer","meta":{"_joinchat":[],"footnotes":""},"class_list":["post-775","page","type-page","status-publish","hentry"],"yoast_head":"<!-- This site is optimized with the Yoast SEO plugin v24.6 - https:\/\/yoast.com\/wordpress\/plugins\/seo\/ -->\n<title>Declaraci\u00f3n de Accesibilidad - OnlyFitness<\/title>\n<meta name=\"robots\" content=\"noindex, follow, max-snippet:-1, max-image-preview:large, max-video-preview:-1\" \/>\n<meta property=\"og:locale\" content=\"es_ES\" \/>\n<meta property=\"og:type\" content=\"article\" \/>\n<meta property=\"og:title\" content=\"Declaraci\u00f3n de Accesibilidad - OnlyFitness\" \/>\n<meta property=\"og:description\" content=\"ONLY FITNNES se ha comprometido a hacer accesibles sus sitios web de conformidad con la norma UNE-EN 301 549:2022 (versi\u00f3n oficial en espa\u00f1ol de la Norma Europea EN 301 549 v.3.2.1 (2021-03). Preparaci\u00f3n de la presente declaraci\u00f3n de accesibilidad La presente declaraci\u00f3n fue preparada el 13 de marzo de 2025. El m\u00e9todo empleado para preparar la declaraci\u00f3n ha sido una autoevaluaci\u00f3n llevada a cabo por ONLY FITNNES. \u00daltima revisi\u00f3n de la declaraci\u00f3n: 14\u00a0 de marzo de 2025. Observaciones y datos de contacto Puede realizar comunicaciones sobre requisitos de accesibilidad como, por ejemplo: informar sobre cualquier posible incumplimiento por parte de este sitio web transmitir otras dificultades de acceso al contenido formular cualquier otra consulta o sugerencia de mejora relativa a la accesibilidad del sitio web a\u00a0trav\u00e9s de las siguientes v\u00edas: Correo electr\u00f3nico: info@onlyfitness.com Tel\u00e9fonos: +34 662 55 91 78 Tambi\u00e9n puede solicitar en formato accesible informaci\u00f3n que no cumpla con los requisitos de accesibilidad por estar excluida o formular una queja por incumplimiento de los requisitos de accesibilidad. Procedimiento de aplicaci\u00f3n Este sitio web: se ha dise\u00f1ado adapt\u00e1ndose a los est\u00e1ndares y normativas vigentes en relaci\u00f3n a la accesibilidad, cumpliendo con los puntos de verificaci\u00f3n de prioridad 2 (AA) definidos en la especificaci\u00f3n de Pautas de Accesibilidad al Contenido en la Web (WCAG 2.1) est\u00e1 optimizado para las \u00faltimas versiones vigentes de Chrome, Edge, Firefox, Safari y Opera est\u00e1 dise\u00f1ado para su correcta visualizaci\u00f3n en cualquier resoluci\u00f3n y dispositivo de escritorio, tabletas o m\u00f3viles (dise\u00f1o responsive) se ha realizado utilizando HTML5 como lenguaje de marcado y hojas de estilo CSS3 para su dise\u00f1o\" \/>\n<meta property=\"og:url\" content=\"https:\/\/prac.karmabox.info\/onlyfitness\/declaracion-de-accesibilidad\/\" \/>\n<meta property=\"og:site_name\" content=\"OnlyFitness\" \/>\n<meta property=\"article:modified_time\" content=\"2025-03-14T02:48:59+00:00\" \/>\n<meta name=\"twitter:card\" content=\"summary_large_image\" \/>\n<meta name=\"twitter:label1\" content=\"Tiempo de lectura\" \/>\n\t<meta name=\"twitter:data1\" content=\"2 minutos\" \/>\n<script type=\"application\/ld+json\" class=\"yoast-schema-graph\">{\"@context\":\"https:\/\/schema.org\",\"@graph\":[{\"@type\":\"WebPage\",\"@id\":\"https:\/\/prac.karmabox.info\/onlyfitness\/declaracion-de-accesibilidad\/\",\"url\":\"https:\/\/prac.karmabox.info\/onlyfitness\/declaracion-de-accesibilidad\/\",\"name\":\"Declaraci\u00f3n de Accesibilidad - OnlyFitness\",\"isPartOf\":{\"@id\":\"https:\/\/prac.karmabox.info\/onlyfitness\/#website\"},\"datePublished\":\"2025-03-12T03:07:44+00:00\",\"dateModified\":\"2025-03-14T02:48:59+00:00\",\"breadcrumb\":{\"@id\":\"https:\/\/prac.karmabox.info\/onlyfitness\/declaracion-de-accesibilidad\/#breadcrumb\"},\"inLanguage\":\"es\",\"potentialAction\":[{\"@type\":\"ReadAction\",\"target\":[\"https:\/\/prac.karmabox.info\/onlyfitness\/declaracion-de-accesibilidad\/\"]}]},{\"@type\":\"BreadcrumbList\",\"@id\":\"https:\/\/prac.karmabox.info\/onlyfitness\/declaracion-de-accesibilidad\/#breadcrumb\",\"itemListElement\":[{\"@type\":\"ListItem\",\"position\":1,\"name\":\"Portada\",\"item\":\"https:\/\/prac.karmabox.info\/onlyfitness\/\"},{\"@type\":\"ListItem\",\"position\":2,\"name\":\"Declaraci\u00f3n de Accesibilidad\"}]},{\"@type\":\"WebSite\",\"@id\":\"https:\/\/prac.karmabox.info\/onlyfitness\/#website\",\"url\":\"https:\/\/prac.karmabox.info\/onlyfitness\/\",\"name\":\"OnlyFitness\",\"description\":\"\",\"potentialAction\":[{\"@type\":\"SearchAction\",\"target\":{\"@type\":\"EntryPoint\",\"urlTemplate\":\"https:\/\/prac.karmabox.info\/onlyfitness\/?s={search_term_string}\"},\"query-input\":{\"@type\":\"PropertyValueSpecification\",\"valueRequired\":true,\"valueName\":\"search_term_string\"}}],\"inLanguage\":\"es\"}]}<\/script>\n<!-- \/ Yoast SEO plugin. -->","yoast_head_json":{"title":"Declaraci\u00f3n de Accesibilidad - OnlyFitness","robots":{"index":"noindex","follow":"follow","max-snippet":"max-snippet:-1","max-image-preview":"max-image-preview:large","max-video-preview":"max-video-preview:-1"},"og_locale":"es_ES","og_type":"article","og_title":"Declaraci\u00f3n de Accesibilidad - OnlyFitness","og_description":"ONLY FITNNES se ha comprometido a hacer accesibles sus sitios web de conformidad con la norma UNE-EN 301 549:2022 (versi\u00f3n oficial en espa\u00f1ol de la Norma Europea EN 301 549 v.3.2.1 (2021-03). Preparaci\u00f3n de la presente declaraci\u00f3n de accesibilidad La presente declaraci\u00f3n fue preparada el 13 de marzo de 2025. El m\u00e9todo empleado para preparar la declaraci\u00f3n ha sido una autoevaluaci\u00f3n llevada a cabo por ONLY FITNNES. \u00daltima revisi\u00f3n de la declaraci\u00f3n: 14\u00a0 de marzo de 2025. Observaciones y datos de contacto Puede realizar comunicaciones sobre requisitos de accesibilidad como, por ejemplo: informar sobre cualquier posible incumplimiento por parte de este sitio web transmitir otras dificultades de acceso al contenido formular cualquier otra consulta o sugerencia de mejora relativa a la accesibilidad del sitio web a\u00a0trav\u00e9s de las siguientes v\u00edas: Correo electr\u00f3nico: info@onlyfitness.com Tel\u00e9fonos: +34 662 55 91 78 Tambi\u00e9n puede solicitar en formato accesible informaci\u00f3n que no cumpla con los requisitos de accesibilidad por estar excluida o formular una queja por incumplimiento de los requisitos de accesibilidad. Procedimiento de aplicaci\u00f3n Este sitio web: se ha dise\u00f1ado adapt\u00e1ndose a los est\u00e1ndares y normativas vigentes en relaci\u00f3n a la accesibilidad, cumpliendo con los puntos de verificaci\u00f3n de prioridad 2 (AA) definidos en la especificaci\u00f3n de Pautas de Accesibilidad al Contenido en la Web (WCAG 2.1) est\u00e1 optimizado para las \u00faltimas versiones vigentes de Chrome, Edge, Firefox, Safari y Opera est\u00e1 dise\u00f1ado para su correcta visualizaci\u00f3n en cualquier resoluci\u00f3n y dispositivo de escritorio, tabletas o m\u00f3viles (dise\u00f1o responsive) se ha realizado utilizando HTML5 como lenguaje de marcado y hojas de estilo CSS3 para su dise\u00f1o","og_url":"https:\/\/prac.karmabox.info\/onlyfitness\/declaracion-de-accesibilidad\/","og_site_name":"OnlyFitness","article_modified_time":"2025-03-14T02:48:59+00:00","twitter_card":"summary_large_image","twitter_misc":{"Tiempo de lectura":"2 minutos"},"schema":{"@context":"https:\/\/schema.org","@graph":[{"@type":"WebPage","@id":"https:\/\/prac.karmabox.info\/onlyfitness\/declaracion-de-accesibilidad\/","url":"https:\/\/prac.karmabox.info\/onlyfitness\/declaracion-de-accesibilidad\/","name":"Declaraci\u00f3n de Accesibilidad - OnlyFitness","isPartOf":{"@id":"https:\/\/prac.karmabox.info\/onlyfitness\/#website"},"datePublished":"2025-03-12T03:07:44+00:00","dateModified":"2025-03-14T02:48:59+00:00","breadcrumb":{"@id":"https:\/\/prac.karmabox.info\/onlyfitness\/declaracion-de-accesibilidad\/#breadcrumb"},"inLanguage":"es","potentialAction":[{"@type":"ReadAction","target":["https:\/\/prac.karmabox.info\/onlyfitness\/declaracion-de-accesibilidad\/"]}]},{"@type":"BreadcrumbList","@id":"https:\/\/prac.karmabox.info\/onlyfitness\/declaracion-de-accesibilidad\/#breadcrumb","itemListElement":[{"@type":"ListItem","position":1,"name":"Portada","item":"https:\/\/prac.karmabox.info\/onlyfitness\/"},{"@type":"ListItem","position":2,"name":"Declaraci\u00f3n de Accesibilidad"}]},{"@type":"WebSite","@id":"https:\/\/prac.karmabox.info\/onlyfitness\/#website","url":"https:\/\/prac.karmabox.info\/onlyfitness\/","name":"OnlyFitness","description":"","potentialAction":[{"@type":"SearchAction","target":{"@type":"EntryPoint","urlTemplate":"https:\/\/prac.karmabox.info\/onlyfitness\/?s={search_term_string}"},"query-input":{"@type":"PropertyValueSpecification","valueRequired":true,"valueName":"search_term_string"}}],"inLanguage":"es"}]}},"_links":{"self":[{"href":"https:\/\/prac.karmabox.info\/onlyfitness\/wp-json\/wp\/v2\/pages\/775","targetHints":{"allow":["GET"]}}],"collection":[{"href":"https:\/\/prac.karmabox.info\/onlyfitness\/wp-json\/wp\/v2\/pages"}],"about":[{"href":"https:\/\/prac.karmabox.info\/onlyfitness\/wp-json\/wp\/v2\/types\/page"}],"author":[{"embeddable":true,"href":"https:\/\/prac.karmabox.info\/onlyfitness\/wp-json\/wp\/v2\/users\/2"}],"replies":[{"embeddable":true,"href":"https:\/\/prac.karmabox.info\/onlyfitness\/wp-json\/wp\/v2\/comments?post=775"}],"version-history":[{"count":25,"href":"https:\/\/prac.karmabox.info\/onlyfitness\/wp-json\/wp\/v2\/pages\/775\/revisions"}],"predecessor-version":[{"id":1328,"href":"https:\/\/prac.karmabox.info\/onlyfitness\/wp-json\/wp\/v2\/pages\/775\/revisions\/1328"}],"wp:attachment":[{"href":"https:\/\/prac.karmabox.info\/onlyfitness\/wp-json\/wp\/v2\/media?parent=775"}],"curies":[{"name":"wp","href":"https:\/\/api.w.org\/{rel}","templated":true}]}}