{"id":202,"date":"2025-03-18T02:39:08","date_gmt":"2025-03-18T02:39:08","guid":{"rendered":"https:\/\/prac.karmabox.info\/clinicaveterinariaponiente\/?page_id=202"},"modified":"2025-03-19T10:46:14","modified_gmt":"2025-03-19T10:46:14","slug":"declaracion-de-accesibilidad","status":"publish","type":"page","link":"https:\/\/prac.karmabox.info\/clinicaveterinariaponiente\/index.php\/declaracion-de-accesibilidad\/","title":{"rendered":"Declaraci\u00f3n de Accesibilidad"},"content":{"rendered":"\t\t<div data-elementor-type=\"wp-page\" data-elementor-id=\"202\" class=\"elementor elementor-202\" data-elementor-post-type=\"page\">\n\t\t\t\t\t\t<section class=\"elementor-section elementor-top-section elementor-element elementor-element-59ad964 elementor-section-boxed elementor-section-height-default elementor-section-height-default\" data-id=\"59ad964\" data-element_type=\"section\">\n\t\t\t\t\t\t<div class=\"elementor-container elementor-column-gap-default\">\n\t\t\t\t\t<div class=\"elementor-column elementor-col-100 elementor-top-column elementor-element elementor-element-aa13766\" data-id=\"aa13766\" data-element_type=\"column\">\n\t\t\t<div class=\"elementor-widget-wrap elementor-element-populated\">\n\t\t\t\t\t\t<section class=\"elementor-section elementor-inner-section elementor-element elementor-element-ffc1da5 elementor-section-boxed elementor-section-height-default elementor-section-height-default elementor-invisible\" data-id=\"ffc1da5\" data-element_type=\"section\" data-settings=\"{&quot;animation&quot;:&quot;fadeInUp&quot;}\">\n\t\t\t\t\t\t<div class=\"elementor-container elementor-column-gap-default\">\n\t\t\t\t\t<div class=\"elementor-column elementor-col-100 elementor-inner-column elementor-element elementor-element-9ad7cdf\" data-id=\"9ad7cdf\" data-element_type=\"column\" data-settings=\"{&quot;background_background&quot;:&quot;classic&quot;}\">\n\t\t\t<div class=\"elementor-widget-wrap elementor-element-populated\">\n\t\t\t\t\t<div class=\"elementor-background-overlay\"><\/div>\n\t\t\t\t\t\t<div class=\"elementor-element elementor-element-954fc91 elementor-icon-list--layout-inline elementor-align-center elementor-list-item-link-full_width elementor-widget elementor-widget-icon-list\" data-id=\"954fc91\" data-element_type=\"widget\" data-widget_type=\"icon-list.default\">\n\t\t\t\t<div class=\"elementor-widget-container\">\n\t\t\t\t\t\t\t<ul class=\"elementor-icon-list-items elementor-inline-items\">\n\t\t\t\t\t\t\t<li class=\"elementor-icon-list-item elementor-inline-item\">\n\t\t\t\t\t\t\t\t\t\t\t<a href=\"https:\/\/prac.karmabox.info\/clinicaveterinariaponiente\/\">\n\n\t\t\t\t\t\t\t\t\t\t\t<span class=\"elementor-icon-list-text\">Inicio<\/span>\n\t\t\t\t\t\t\t\t\t\t\t<\/a>\n\t\t\t\t\t\t\t\t\t<\/li>\n\t\t\t\t\t\t\t\t<li class=\"elementor-icon-list-item elementor-inline-item\">\n\t\t\t\t\t\t\t\t\t\t\t<span class=\"elementor-icon-list-icon\">\n\t\t\t\t\t\t\t<svg aria-hidden=\"true\" class=\"e-font-icon-svg e-fas-paw\" viewBox=\"0 0 512 512\" xmlns=\"http:\/\/www.w3.org\/2000\/svg\"><path d=\"M256 224c-79.41 0-192 122.76-192 200.25 0 34.9 26.81 55.75 71.74 55.75 48.84 0 81.09-25.08 120.26-25.08 39.51 0 71.85 25.08 120.26 25.08 44.93 0 71.74-20.85 71.74-55.75C448 346.76 335.41 224 256 224zm-147.28-12.61c-10.4-34.65-42.44-57.09-71.56-50.13-29.12 6.96-44.29 40.69-33.89 75.34 10.4 34.65 42.44 57.09 71.56 50.13 29.12-6.96 44.29-40.69 33.89-75.34zm84.72-20.78c30.94-8.14 46.42-49.94 34.58-93.36s-46.52-72.01-77.46-63.87-46.42 49.94-34.58 93.36c11.84 43.42 46.53 72.02 77.46 63.87zm281.39-29.34c-29.12-6.96-61.15 15.48-71.56 50.13-10.4 34.65 4.77 68.38 33.89 75.34 29.12 6.96 61.15-15.48 71.56-50.13 10.4-34.65-4.77-68.38-33.89-75.34zm-156.27 29.34c30.94 8.14 65.62-20.45 77.46-63.87 11.84-43.42-3.64-85.21-34.58-93.36s-65.62 20.45-77.46 63.87c-11.84 43.42 3.64 85.22 34.58 93.36z\"><\/path><\/svg>\t\t\t\t\t\t<\/span>\n\t\t\t\t\t\t\t\t\t\t<span class=\"elementor-icon-list-text\"><\/span>\n\t\t\t\t\t\t\t\t\t<\/li>\n\t\t\t\t\t\t<\/ul>\n\t\t\t\t\t\t<\/div>\n\t\t\t\t<\/div>\n\t\t\t\t\t<\/div>\n\t\t<\/div>\n\t\t\t\t\t<\/div>\n\t\t<\/section>\n\t\t\t\t\t<\/div>\n\t\t<\/div>\n\t\t\t\t\t<\/div>\n\t\t<\/section>\n\t\t<div class=\"elementor-element elementor-element-f6e9ff9 e-con-full e-flex e-con e-parent\" data-id=\"f6e9ff9\" data-element_type=\"container\">\n\t\t\t\t<div class=\"elementor-element elementor-element-624beb4 elementor-widget elementor-widget-text-editor\" data-id=\"624beb4\" data-element_type=\"widget\" data-widget_type=\"text-editor.default\">\n\t\t\t\t<div class=\"elementor-widget-container\">\n\t\t\t\t\t\t\t\t\t<p style=\"text-align: left;\"><span style=\"color: #000000;\">CLINICA VETERINARIA NUEVO PONIENTE se ha comprometido a hacer accesibles sus sitios web de conformidad con la norma UNE-EN 301 549:2022 (versi\u00f3n oficial en espa\u00f1ol de la Norma Europea EN 301 549 v.3.2.1 (2021-03).<\/span><\/p><h4 class=\"wp-block-heading\" style=\"text-align: left;\"><span style=\"color: #000000;\">Preparaci\u00f3n de la presente declaraci\u00f3n de accesibilidad<\/span><\/h4><p style=\"text-align: left;\"><span style=\"color: #000000;\">La presente declaraci\u00f3n fue preparada el 13 de marzo de 2025.<\/span><\/p><p style=\"text-align: left;\"><span style=\"color: #000000;\">El m\u00e9todo empleado para preparar la declaraci\u00f3n ha sido una autoevaluaci\u00f3n llevada a cabo por CLINICA VETERINARIA NUEVO PONIENTE.<\/span><\/p><p style=\"text-align: left;\"><span style=\"color: #000000;\">\u00daltima revisi\u00f3n de la declaraci\u00f3n: 19\u00a0 de marzo de 2025.<\/span><\/p><h4 class=\"wp-block-heading\" style=\"text-align: left;\"><span style=\"color: #000000;\">Observaciones y datos de contacto<\/span><\/h4><p style=\"text-align: left;\"><span style=\"color: #000000;\">Puede realizar comunicaciones sobre requisitos de accesibilidad como, por ejemplo:<\/span><\/p><ul style=\"text-align: left;\"><li><span style=\"color: #000000;\">informar sobre cualquier posible incumplimiento por parte de este sitio web<\/span><\/li><li><span style=\"color: #000000;\">transmitir otras dificultades de acceso al contenido<\/span><\/li><li><span style=\"color: #000000;\">formular cualquier otra consulta o sugerencia de mejora relativa a la accesibilidad del sitio web a\u00a0trav\u00e9s de las siguientes v\u00edas:<\/span><\/li><\/ul><ul style=\"text-align: left;\"><li><span style=\"color: #000000;\">Correo electr\u00f3nico: info@nuevoponiete.com<\/span><\/li><li><span style=\"color: #000000;\">Tel\u00e9fonos: +34 950 57 09 01<\/span><\/li><\/ul><p style=\"text-align: left;\"><span style=\"color: #000000;\">Tambi\u00e9n puede solicitar en formato accesible informaci\u00f3n que no cumpla con los requisitos de accesibilidad por estar excluida o formular una queja por incumplimiento de los requisitos de accesibilidad.<\/span><\/p><h4 class=\"wp-block-heading\" style=\"text-align: left;\"><span style=\"color: #000000;\">Procedimiento de aplicaci\u00f3n<\/span><\/h4><p style=\"text-align: left;\"><span style=\"color: #000000;\">Este sitio web:<\/span><\/p><ul><li style=\"text-align: left;\"><span style=\"color: #000000;\">se ha dise\u00f1ado adapt\u00e1ndose a los est\u00e1ndares y normativas vigentes en relaci\u00f3n a la accesibilidad, cumpliendo con los puntos de verificaci\u00f3n de prioridad 2 (AA) definidos en la especificaci\u00f3n de Pautas de Accesibilidad al Contenido en la Web (WCAG 2.1)<\/span><\/li><li style=\"text-align: left;\"><span style=\"color: #000000;\">est\u00e1 optimizado para las \u00faltimas versiones vigentes de Chrome, Edge, Firefox, Safari y Opera<\/span><\/li><li style=\"text-align: left;\"><span style=\"color: #000000;\">est\u00e1 dise\u00f1ado para su correcta visualizaci\u00f3n en cualquier resoluci\u00f3n y dispositivo de escritorio, tabletas o m\u00f3viles (dise\u00f1o responsive)<\/span><\/li><li style=\"text-align: left;\"><span style=\"color: #000000;\">se ha realizado utilizando HTML5 como lenguaje de marcado y hojas de estilo CSS3 para su dise\u00f1o<\/span><\/li><\/ul>\t\t\t\t\t\t\t\t<\/div>\n\t\t\t\t<\/div>\n\t\t\t\t<\/div>\n\t\t\t\t<\/div>\n\t\t","protected":false},"excerpt":{"rendered":"<p>Inicio CLINICA VETERINARIA NUEVO PONIENTE se ha comprometido a hacer accesibles sus sitios web de conformidad con la norma UNE-EN 301 549:2022 (versi\u00f3n oficial en espa\u00f1ol de la Norma Europea EN 301 549 v.3.2.1 (2021-03). Preparaci\u00f3n de la presente declaraci\u00f3n de accesibilidad La presente declaraci\u00f3n fue preparada el 13 de marzo de 2025. El m\u00e9todo [&hellip;]<\/p>\n","protected":false},"author":1,"featured_media":0,"parent":0,"menu_order":0,"comment_status":"closed","ping_status":"closed","template":"elementor_header_footer","meta":{"footnotes":""},"class_list":["post-202","page","type-page","status-publish","hentry"],"yoast_head":"<!-- This site is optimized with the Yoast SEO plugin v24.7 - https:\/\/yoast.com\/wordpress\/plugins\/seo\/ -->\n<title>Declaraci\u00f3n de Accesibilidad - Clinica Veterinaria Poniente<\/title>\n<meta name=\"robots\" content=\"noindex, follow, max-snippet:-1, max-image-preview:large, max-video-preview:-1\" \/>\n<meta property=\"og:locale\" content=\"es_ES\" \/>\n<meta property=\"og:type\" content=\"article\" \/>\n<meta property=\"og:title\" content=\"Declaraci\u00f3n de Accesibilidad - Clinica Veterinaria Poniente\" \/>\n<meta property=\"og:description\" content=\"Inicio CLINICA VETERINARIA NUEVO PONIENTE se ha comprometido a hacer accesibles sus sitios web de conformidad con la norma UNE-EN 301 549:2022 (versi\u00f3n oficial en espa\u00f1ol de la Norma Europea EN 301 549 v.3.2.1 (2021-03). Preparaci\u00f3n de la presente declaraci\u00f3n de accesibilidad La presente declaraci\u00f3n fue preparada el 13 de marzo de 2025. El m\u00e9todo [&hellip;]\" \/>\n<meta property=\"og:url\" content=\"https:\/\/prac.karmabox.info\/clinicaveterinariaponiente\/index.php\/declaracion-de-accesibilidad\/\" \/>\n<meta property=\"og:site_name\" content=\"Clinica Veterinaria Poniente\" \/>\n<meta property=\"article:modified_time\" content=\"2025-03-19T10:46:14+00:00\" \/>\n<meta name=\"twitter:card\" content=\"summary_large_image\" \/>\n<meta name=\"twitter:label1\" content=\"Tiempo de lectura\" \/>\n\t<meta name=\"twitter:data1\" content=\"2 minutos\" \/>\n<script type=\"application\/ld+json\" class=\"yoast-schema-graph\">{\"@context\":\"https:\/\/schema.org\",\"@graph\":[{\"@type\":\"WebPage\",\"@id\":\"https:\/\/prac.karmabox.info\/clinicaveterinariaponiente\/index.php\/declaracion-de-accesibilidad\/\",\"url\":\"https:\/\/prac.karmabox.info\/clinicaveterinariaponiente\/index.php\/declaracion-de-accesibilidad\/\",\"name\":\"Declaraci\u00f3n de Accesibilidad - Clinica Veterinaria Poniente\",\"isPartOf\":{\"@id\":\"https:\/\/prac.karmabox.info\/clinicaveterinariaponiente\/#website\"},\"datePublished\":\"2025-03-18T02:39:08+00:00\",\"dateModified\":\"2025-03-19T10:46:14+00:00\",\"breadcrumb\":{\"@id\":\"https:\/\/prac.karmabox.info\/clinicaveterinariaponiente\/index.php\/declaracion-de-accesibilidad\/#breadcrumb\"},\"inLanguage\":\"es\",\"potentialAction\":[{\"@type\":\"ReadAction\",\"target\":[\"https:\/\/prac.karmabox.info\/clinicaveterinariaponiente\/index.php\/declaracion-de-accesibilidad\/\"]}]},{\"@type\":\"BreadcrumbList\",\"@id\":\"https:\/\/prac.karmabox.info\/clinicaveterinariaponiente\/index.php\/declaracion-de-accesibilidad\/#breadcrumb\",\"itemListElement\":[{\"@type\":\"ListItem\",\"position\":1,\"name\":\"Portada\",\"item\":\"https:\/\/prac.karmabox.info\/clinicaveterinariaponiente\/\"},{\"@type\":\"ListItem\",\"position\":2,\"name\":\"Declaraci\u00f3n de Accesibilidad\"}]},{\"@type\":\"WebSite\",\"@id\":\"https:\/\/prac.karmabox.info\/clinicaveterinariaponiente\/#website\",\"url\":\"https:\/\/prac.karmabox.info\/clinicaveterinariaponiente\/\",\"name\":\"Clinica Veterinaria Poniente\",\"description\":\"\",\"publisher\":{\"@id\":\"https:\/\/prac.karmabox.info\/clinicaveterinariaponiente\/#organization\"},\"potentialAction\":[{\"@type\":\"SearchAction\",\"target\":{\"@type\":\"EntryPoint\",\"urlTemplate\":\"https:\/\/prac.karmabox.info\/clinicaveterinariaponiente\/?s={search_term_string}\"},\"query-input\":{\"@type\":\"PropertyValueSpecification\",\"valueRequired\":true,\"valueName\":\"search_term_string\"}}],\"inLanguage\":\"es\"},{\"@type\":\"Organization\",\"@id\":\"https:\/\/prac.karmabox.info\/clinicaveterinariaponiente\/#organization\",\"name\":\"Clinica Veterinaria Poniente\",\"url\":\"https:\/\/prac.karmabox.info\/clinicaveterinariaponiente\/\",\"logo\":{\"@type\":\"ImageObject\",\"inLanguage\":\"es\",\"@id\":\"https:\/\/prac.karmabox.info\/clinicaveterinariaponiente\/#\/schema\/logo\/image\/\",\"url\":\"https:\/\/prac.karmabox.info\/clinicaveterinariaponiente\/wp-content\/uploads\/2025\/03\/cropped-Nuevo-Poniente.png\",\"contentUrl\":\"https:\/\/prac.karmabox.info\/clinicaveterinariaponiente\/wp-content\/uploads\/2025\/03\/cropped-Nuevo-Poniente.png\",\"width\":286,\"height\":77,\"caption\":\"Clinica Veterinaria Poniente\"},\"image\":{\"@id\":\"https:\/\/prac.karmabox.info\/clinicaveterinariaponiente\/#\/schema\/logo\/image\/\"}}]}<\/script>\n<!-- \/ Yoast SEO plugin. -->","yoast_head_json":{"title":"Declaraci\u00f3n de Accesibilidad - Clinica Veterinaria Poniente","robots":{"index":"noindex","follow":"follow","max-snippet":"max-snippet:-1","max-image-preview":"max-image-preview:large","max-video-preview":"max-video-preview:-1"},"og_locale":"es_ES","og_type":"article","og_title":"Declaraci\u00f3n de Accesibilidad - Clinica Veterinaria Poniente","og_description":"Inicio CLINICA VETERINARIA NUEVO PONIENTE se ha comprometido a hacer accesibles sus sitios web de conformidad con la norma UNE-EN 301 549:2022 (versi\u00f3n oficial en espa\u00f1ol de la Norma Europea EN 301 549 v.3.2.1 (2021-03). Preparaci\u00f3n de la presente declaraci\u00f3n de accesibilidad La presente declaraci\u00f3n fue preparada el 13 de marzo de 2025. El m\u00e9todo [&hellip;]","og_url":"https:\/\/prac.karmabox.info\/clinicaveterinariaponiente\/index.php\/declaracion-de-accesibilidad\/","og_site_name":"Clinica Veterinaria Poniente","article_modified_time":"2025-03-19T10:46:14+00:00","twitter_card":"summary_large_image","twitter_misc":{"Tiempo de lectura":"2 minutos"},"schema":{"@context":"https:\/\/schema.org","@graph":[{"@type":"WebPage","@id":"https:\/\/prac.karmabox.info\/clinicaveterinariaponiente\/index.php\/declaracion-de-accesibilidad\/","url":"https:\/\/prac.karmabox.info\/clinicaveterinariaponiente\/index.php\/declaracion-de-accesibilidad\/","name":"Declaraci\u00f3n de Accesibilidad - Clinica Veterinaria Poniente","isPartOf":{"@id":"https:\/\/prac.karmabox.info\/clinicaveterinariaponiente\/#website"},"datePublished":"2025-03-18T02:39:08+00:00","dateModified":"2025-03-19T10:46:14+00:00","breadcrumb":{"@id":"https:\/\/prac.karmabox.info\/clinicaveterinariaponiente\/index.php\/declaracion-de-accesibilidad\/#breadcrumb"},"inLanguage":"es","potentialAction":[{"@type":"ReadAction","target":["https:\/\/prac.karmabox.info\/clinicaveterinariaponiente\/index.php\/declaracion-de-accesibilidad\/"]}]},{"@type":"BreadcrumbList","@id":"https:\/\/prac.karmabox.info\/clinicaveterinariaponiente\/index.php\/declaracion-de-accesibilidad\/#breadcrumb","itemListElement":[{"@type":"ListItem","position":1,"name":"Portada","item":"https:\/\/prac.karmabox.info\/clinicaveterinariaponiente\/"},{"@type":"ListItem","position":2,"name":"Declaraci\u00f3n de Accesibilidad"}]},{"@type":"WebSite","@id":"https:\/\/prac.karmabox.info\/clinicaveterinariaponiente\/#website","url":"https:\/\/prac.karmabox.info\/clinicaveterinariaponiente\/","name":"Clinica Veterinaria Poniente","description":"","publisher":{"@id":"https:\/\/prac.karmabox.info\/clinicaveterinariaponiente\/#organization"},"potentialAction":[{"@type":"SearchAction","target":{"@type":"EntryPoint","urlTemplate":"https:\/\/prac.karmabox.info\/clinicaveterinariaponiente\/?s={search_term_string}"},"query-input":{"@type":"PropertyValueSpecification","valueRequired":true,"valueName":"search_term_string"}}],"inLanguage":"es"},{"@type":"Organization","@id":"https:\/\/prac.karmabox.info\/clinicaveterinariaponiente\/#organization","name":"Clinica Veterinaria Poniente","url":"https:\/\/prac.karmabox.info\/clinicaveterinariaponiente\/","logo":{"@type":"ImageObject","inLanguage":"es","@id":"https:\/\/prac.karmabox.info\/clinicaveterinariaponiente\/#\/schema\/logo\/image\/","url":"https:\/\/prac.karmabox.info\/clinicaveterinariaponiente\/wp-content\/uploads\/2025\/03\/cropped-Nuevo-Poniente.png","contentUrl":"https:\/\/prac.karmabox.info\/clinicaveterinariaponiente\/wp-content\/uploads\/2025\/03\/cropped-Nuevo-Poniente.png","width":286,"height":77,"caption":"Clinica Veterinaria Poniente"},"image":{"@id":"https:\/\/prac.karmabox.info\/clinicaveterinariaponiente\/#\/schema\/logo\/image\/"}}]}},"_links":{"self":[{"href":"https:\/\/prac.karmabox.info\/clinicaveterinariaponiente\/index.php\/wp-json\/wp\/v2\/pages\/202","targetHints":{"allow":["GET"]}}],"collection":[{"href":"https:\/\/prac.karmabox.info\/clinicaveterinariaponiente\/index.php\/wp-json\/wp\/v2\/pages"}],"about":[{"href":"https:\/\/prac.karmabox.info\/clinicaveterinariaponiente\/index.php\/wp-json\/wp\/v2\/types\/page"}],"author":[{"embeddable":true,"href":"https:\/\/prac.karmabox.info\/clinicaveterinariaponiente\/index.php\/wp-json\/wp\/v2\/users\/1"}],"replies":[{"embeddable":true,"href":"https:\/\/prac.karmabox.info\/clinicaveterinariaponiente\/index.php\/wp-json\/wp\/v2\/comments?post=202"}],"version-history":[{"count":10,"href":"https:\/\/prac.karmabox.info\/clinicaveterinariaponiente\/index.php\/wp-json\/wp\/v2\/pages\/202\/revisions"}],"predecessor-version":[{"id":474,"href":"https:\/\/prac.karmabox.info\/clinicaveterinariaponiente\/index.php\/wp-json\/wp\/v2\/pages\/202\/revisions\/474"}],"wp:attachment":[{"href":"https:\/\/prac.karmabox.info\/clinicaveterinariaponiente\/index.php\/wp-json\/wp\/v2\/media?parent=202"}],"curies":[{"name":"wp","href":"https:\/\/api.w.org\/{rel}","templated":true}]}}